{"id":10102,"date":"2019-09-02T08:07:31","date_gmt":"2019-09-02T05:07:31","guid":{"rendered":"https:\/\/mednavhealth.com\/unsertwegen\/"},"modified":"2023-06-27T16:45:31","modified_gmt":"2023-06-27T13:45:31","slug":"unsertwegen","status":"publish","type":"page","link":"https:\/\/mednavhealth.com\/de\/unsertwegen\/","title":{"rendered":"Unsertwegen"},"content":{"rendered":"\t\t<div data-elementor-type=\"wp-post\" data-elementor-id=\"10102\" class=\"elementor elementor-10102 elementor-1155\">\n\t\t\t\t\t\t\t\t\t<section class=\"elementor-section elementor-top-section elementor-element elementor-element-d5b672e ov-h elementor-section-boxed elementor-section-height-default elementor-section-height-default\" data-id=\"d5b672e\" data-element_type=\"section\">\n\t\t\t\t\t\t<div class=\"elementor-container elementor-column-gap-default\">\n\t\t\t\t\t<div class=\"elementor-column elementor-col-50 elementor-top-column elementor-element elementor-element-186fb7e medizco_video_popup_wrap elementor-invisible\" data-id=\"186fb7e\" data-element_type=\"column\" data-settings=\"{&quot;animation&quot;:&quot;fadeInUp&quot;,&quot;animation_delay&quot;:0}\">\n\t\t\t<div class=\"elementor-widget-wrap elementor-element-populated\">\n\t\t\t\t\t\t\t\t<div class=\"elementor-element elementor-element-9c1b1a5 elementor-widget elementor-widget-elementskit-heading\" data-id=\"9c1b1a5\" data-element_type=\"widget\" data-widget_type=\"elementskit-heading.default\">\n\t\t\t\t<div class=\"elementor-widget-container\">\n\t\t\t<div class=\"ekit-wid-con\" ><div class=\"ekit-heading elementskit-section-title-wraper text_left   ekit_heading_tablet-   ekit_heading_mobile-\"><h2 class=\"ekit-heading--title elementskit-section-title \">Unsere Priorit\u00e4t ist <span><span>Ihr Gl\u00fcck!<\/span><\/span><\/h2><\/div><\/div>\t\t<\/div>\n\t\t\t\t<\/div>\n\t\t\t\t<div class=\"elementor-element elementor-element-1d76101 elementor-widget elementor-widget-text-editor\" data-id=\"1d76101\" data-element_type=\"widget\" data-widget_type=\"text-editor.default\">\n\t\t\t\t<div class=\"elementor-widget-container\">\n\t\t\t\t\t\t\t<p>Wir sind hier, um Ihnen die hochwertige Gesundheitsversorgung mit mehr als 15 Jahren Erfahrung zu bieten. <strong>Mednav Health<\/strong> ist eine kostenlose, vertrauliche, unabh\u00e4ngige Ressource f\u00fcr Patienten und Branchenanbieter. Unsere Mission ist es, ein zentrales Portal zu schaffen, in dem Patienten, Krankenh\u00e4user, Kliniken, Arbeitgeber und Versicherungen und Informationen zusammenkommen &#8211; einfach, unabh\u00e4ngig und vertraulich im Bereich Medizintourismus und Gesundheitstourismus.<\/p>\n\t\t\t\t\t\t<\/div>\n\t\t\t\t<\/div>\n\t\t\t\t<div class=\"elementor-element elementor-element-be56310 elementor-widget__width-auto elementor-widget elementor-widget-counter\" data-id=\"be56310\" data-element_type=\"widget\" data-widget_type=\"counter.default\">\n\t\t\t\t<div class=\"elementor-widget-container\">\n\t\t\t\t\t<div class=\"elementor-counter\">\n\t\t\t<div class=\"elementor-counter-number-wrapper\">\n\t\t\t\t<span class=\"elementor-counter-number-prefix\"><\/span>\n\t\t\t\t<span class=\"elementor-counter-number\" data-duration=\"1000\" data-to-value=\"1200\" data-from-value=\"0\" data-delimiter=\",\">0<\/span>\n\t\t\t\t<span class=\"elementor-counter-number-suffix\">+<\/span>\n\t\t\t<\/div>\n\t\t\t\t\t\t\t<div class=\"elementor-counter-title\">F\u00e4lle gel\u00f6st<\/div>\n\t\t\t\t\t<\/div>\n\t\t\t\t<\/div>\n\t\t\t\t<\/div>\n\t\t\t\t<div class=\"elementor-element elementor-element-5bf4a25 elementor-widget__width-auto elementor-widget elementor-widget-counter\" data-id=\"5bf4a25\" data-element_type=\"widget\" data-widget_type=\"counter.default\">\n\t\t\t\t<div class=\"elementor-widget-container\">\n\t\t\t\t\t<div class=\"elementor-counter\">\n\t\t\t<div class=\"elementor-counter-number-wrapper\">\n\t\t\t\t<span class=\"elementor-counter-number-prefix\"><\/span>\n\t\t\t\t<span class=\"elementor-counter-number\" data-duration=\"1000\" data-to-value=\"98\" data-from-value=\"0\" data-delimiter=\",\">0<\/span>\n\t\t\t\t<span class=\"elementor-counter-number-suffix\">%<\/span>\n\t\t\t<\/div>\n\t\t\t\t\t\t\t<div class=\"elementor-counter-title\">Zufriedene Kunden<\/div>\n\t\t\t\t\t<\/div>\n\t\t\t\t<\/div>\n\t\t\t\t<\/div>\n\t\t\t\t\t<\/div>\n\t\t<\/div>\n\t\t\t\t<div class=\"elementor-column elementor-col-50 elementor-top-column elementor-element elementor-element-ac65cc9 elementor-invisible\" data-id=\"ac65cc9\" data-element_type=\"column\" data-settings=\"{&quot;animation&quot;:&quot;fadeInUp&quot;,&quot;animation_delay&quot;:300}\">\n\t\t\t<div class=\"elementor-widget-wrap elementor-element-populated\">\n\t\t\t\t\t\t\t\t<div class=\"elementor-element elementor-element-4180b61 elementor-widget elementor-widget-image\" data-id=\"4180b61\" data-element_type=\"widget\" data-widget_type=\"image.default\">\n\t\t\t\t<div class=\"elementor-widget-container\">\n\t\t\t\t\t\t\t\t\t\t\t\t\t\t\t<img decoding=\"async\" width=\"800\" height=\"771\" src=\"https:\/\/mednavhealth.com\/wp-content\/uploads\/2023\/02\/hero_image_home_03.png\" class=\"attachment-large size-large wp-image-5446\" alt=\"img\" loading=\"lazy\" srcset=\"https:\/\/mednavhealth.com\/wp-content\/uploads\/2023\/02\/hero_image_home_03.png 830w, https:\/\/mednavhealth.com\/wp-content\/uploads\/2023\/02\/hero_image_home_03-300x289.png 300w, https:\/\/mednavhealth.com\/wp-content\/uploads\/2023\/02\/hero_image_home_03-768x740.png 768w\" sizes=\"(max-width: 800px) 100vw, 800px\" title=\"\">\t\t\t\t\t\t\t\t\t\t\t\t\t\t\t<\/div>\n\t\t\t\t<\/div>\n\t\t\t\t\t<\/div>\n\t\t<\/div>\n\t\t\t\t\t\t\t<\/div>\n\t\t<\/section>\n\t\t\t\t<section class=\"elementor-section elementor-top-section elementor-element elementor-element-157720d elementor-section-boxed elementor-section-height-default elementor-section-height-default\" data-id=\"157720d\" data-element_type=\"section\">\n\t\t\t\t\t\t<div class=\"elementor-container elementor-column-gap-no\">\n\t\t\t\t\t<div class=\"elementor-column elementor-col-100 elementor-top-column elementor-element elementor-element-feca252\" data-id=\"feca252\" data-element_type=\"column\">\n\t\t\t<div class=\"elementor-widget-wrap elementor-element-populated\">\n\t\t\t\t\t\t\t\t<section class=\"elementor-section elementor-inner-section elementor-element elementor-element-1d45b3e elementor-section-boxed elementor-section-height-default elementor-section-height-default\" data-id=\"1d45b3e\" data-element_type=\"section\">\n\t\t\t\t\t\t<div class=\"elementor-container elementor-column-gap-no\">\n\t\t\t\t\t<div class=\"elementor-column elementor-col-33 elementor-inner-column elementor-element elementor-element-57b6616\" data-id=\"57b6616\" data-element_type=\"column\">\n\t\t\t<div class=\"elementor-widget-wrap\">\n\t\t\t\t\t\t\t\t\t<\/div>\n\t\t<\/div>\n\t\t\t\t<div class=\"elementor-column elementor-col-33 elementor-inner-column elementor-element elementor-element-53f1443\" data-id=\"53f1443\" data-element_type=\"column\">\n\t\t\t<div class=\"elementor-widget-wrap elementor-element-populated\">\n\t\t\t\t\t\t\t\t<div class=\"elementor-element elementor-element-8d30a11 elementor-invisible elementor-widget elementor-widget-elementskit-heading\" data-id=\"8d30a11\" data-element_type=\"widget\" data-settings=\"{&quot;_animation&quot;:&quot;fadeInUp&quot;,&quot;_animation_delay&quot;:0}\" data-widget_type=\"elementskit-heading.default\">\n\t\t\t\t<div class=\"elementor-widget-container\">\n\t\t\t<div class=\"ekit-wid-con\" ><div class=\"ekit-heading elementskit-section-title-wraper text_center   ekit_heading_tablet-   ekit_heading_mobile-\"><h2 class=\"ekit-heading--title elementskit-section-title \">Unseren Partnern<\/h2>\t\t\t\t<div class='ekit-heading__description'>\n\t\t\t\t\t<p>Um sicherzustellen, dass Sie das Beste aus f\u00fchrenden Technologien herausholen, haben wir strategische Partnerschaften mit gro\u00dfen innovativen Gesundheitsorganisationen geschlossen, die Ihre Kernprobleme l\u00f6sen k\u00f6nnen. <\/p>\n\t\t\t\t<\/div>\n\t\t\t<\/div><\/div>\t\t<\/div>\n\t\t\t\t<\/div>\n\t\t\t\t\t<\/div>\n\t\t<\/div>\n\t\t\t\t<div class=\"elementor-column elementor-col-33 elementor-inner-column elementor-element elementor-element-4003333 elementor-hidden-tablet elementor-hidden-phone\" data-id=\"4003333\" data-element_type=\"column\">\n\t\t\t<div class=\"elementor-widget-wrap\">\n\t\t\t\t\t\t\t\t\t<\/div>\n\t\t<\/div>\n\t\t\t\t\t\t\t<\/div>\n\t\t<\/section>\n\t\t\t\t<div class=\"elementor-element elementor-element-ef37844 elementor-widget elementor-widget-elementskit-client-logo\" data-id=\"ef37844\" data-element_type=\"widget\" data-widget_type=\"elementskit-client-logo.default\">\n\t\t\t\t<div class=\"elementor-widget-container\">\n\t\t\t<div class=\"ekit-wid-con\" >\t\t<div class=\"elementskit-clients-slider slider-dotted dot_dotted simple_logo_image\" data-config=\"{&quot;rtl&quot;:false,&quot;arrows&quot;:false,&quot;dots&quot;:true,&quot;autoplay&quot;:false,&quot;speed&quot;:1000,&quot;slidesPerView&quot;:5,&quot;slidesPerGroup&quot;:1,&quot;pauseOnHover&quot;:false,&quot;loop&quot;:false,&quot;breakpoints&quot;:{&quot;320&quot;:{&quot;slidesPerView&quot;:1,&quot;slidesPerGroup&quot;:1,&quot;spaceBetween&quot;:10},&quot;768&quot;:{&quot;slidesPerView&quot;:3,&quot;slidesPerGroup&quot;:1,&quot;spaceBetween&quot;:10},&quot;1024&quot;:{&quot;slidesPerView&quot;:5,&quot;slidesPerGroup&quot;:1,&quot;spaceBetween&quot;:15}}}\" data-direction=\"\">\n\t\t\t<div class=\"ekit-main-swiper swiper-container\">\n\t\t\t\t<div class=\"swiper-wrapper\">\n\t\t\t\t\t\t\t\t\t\t\t<div class=\"elementskit-client-slider-item swiper-slide \">\n\t\t\t\t\t\t\t<div class=\"swiper-slide-inner\">\n\t\t\t\t\t\t\t\t<div class=\"single-client image-switcher\" title=\"Sponsor #1\">\n\t\t\t\t\t\t\t\t\t\n\t\t\t\t\t\t\t\t\t\t<div class=\"content-image\">\n\n\t\t\t\t\t\t\t\t\t\t\t<img decoding=\"async\" width=\"630\" height=\"270\" src=\"https:\/\/mednavhealth.com\/wp-content\/uploads\/2023\/02\/partner-1.jpg\" class=\"\" alt=\"img\" loading=\"lazy\" srcset=\"https:\/\/mednavhealth.com\/wp-content\/uploads\/2023\/02\/partner-1.jpg 630w, https:\/\/mednavhealth.com\/wp-content\/uploads\/2023\/02\/partner-1-300x129.jpg 300w\" sizes=\"(max-width: 630px) 100vw, 630px\" title=\"\">\t\t\t\t\t\t\t\t\t\t<\/div>\n\n\t\t\t\t\t\t\t\t\t\n\t\t\t\t\t\t\t\t<\/div>\n\t\t\t\t\t\t\t<\/div>\n\t\t\t\t\t\t<\/div>\n\t\t\t\t\t\t\t\t\t\t\t<div class=\"elementskit-client-slider-item swiper-slide \">\n\t\t\t\t\t\t\t<div class=\"swiper-slide-inner\">\n\t\t\t\t\t\t\t\t<div class=\"single-client image-switcher\" title=\"Sponsor #1\">\n\t\t\t\t\t\t\t\t\t\n\t\t\t\t\t\t\t\t\t\t<div class=\"content-image\">\n\n\t\t\t\t\t\t\t\t\t\t\t<img decoding=\"async\" width=\"630\" height=\"270\" src=\"https:\/\/mednavhealth.com\/wp-content\/uploads\/2023\/02\/partner-2.jpg\" class=\"\" alt=\"img\" loading=\"lazy\" srcset=\"https:\/\/mednavhealth.com\/wp-content\/uploads\/2023\/02\/partner-2.jpg 630w, https:\/\/mednavhealth.com\/wp-content\/uploads\/2023\/02\/partner-2-300x129.jpg 300w\" sizes=\"(max-width: 630px) 100vw, 630px\" title=\"\">\t\t\t\t\t\t\t\t\t\t<\/div>\n\n\t\t\t\t\t\t\t\t\t\n\t\t\t\t\t\t\t\t<\/div>\n\t\t\t\t\t\t\t<\/div>\n\t\t\t\t\t\t<\/div>\n\t\t\t\t\t\t\t\t\t\t\t<div class=\"elementskit-client-slider-item swiper-slide \">\n\t\t\t\t\t\t\t<div class=\"swiper-slide-inner\">\n\t\t\t\t\t\t\t\t<div class=\"single-client image-switcher\" title=\"Sponsor #1\">\n\t\t\t\t\t\t\t\t\t\n\t\t\t\t\t\t\t\t\t\t<div class=\"content-image\">\n\n\t\t\t\t\t\t\t\t\t\t\t<img decoding=\"async\" width=\"630\" height=\"270\" src=\"https:\/\/mednavhealth.com\/wp-content\/uploads\/2023\/02\/partner-4.jpg\" class=\"\" alt=\"img\" loading=\"lazy\" srcset=\"https:\/\/mednavhealth.com\/wp-content\/uploads\/2023\/02\/partner-4.jpg 630w, https:\/\/mednavhealth.com\/wp-content\/uploads\/2023\/02\/partner-4-300x129.jpg 300w\" sizes=\"(max-width: 630px) 100vw, 630px\" title=\"\">\t\t\t\t\t\t\t\t\t\t<\/div>\n\n\t\t\t\t\t\t\t\t\t\n\t\t\t\t\t\t\t\t<\/div>\n\t\t\t\t\t\t\t<\/div>\n\t\t\t\t\t\t<\/div>\n\t\t\t\t\t\t\t\t\t\t\t<div class=\"elementskit-client-slider-item swiper-slide \">\n\t\t\t\t\t\t\t<div class=\"swiper-slide-inner\">\n\t\t\t\t\t\t\t\t<div class=\"single-client image-switcher\" title=\"Sponsor #1\">\n\t\t\t\t\t\t\t\t\t\n\t\t\t\t\t\t\t\t\t\t<div class=\"content-image\">\n\n\t\t\t\t\t\t\t\t\t\t\t<img decoding=\"async\" width=\"630\" height=\"270\" src=\"https:\/\/mednavhealth.com\/wp-content\/uploads\/2023\/02\/partner-3.jpg\" class=\"\" alt=\"img\" loading=\"lazy\" srcset=\"https:\/\/mednavhealth.com\/wp-content\/uploads\/2023\/02\/partner-3.jpg 630w, https:\/\/mednavhealth.com\/wp-content\/uploads\/2023\/02\/partner-3-300x129.jpg 300w\" sizes=\"(max-width: 630px) 100vw, 630px\" title=\"\">\t\t\t\t\t\t\t\t\t\t<\/div>\n\n\t\t\t\t\t\t\t\t\t\n\t\t\t\t\t\t\t\t<\/div>\n\t\t\t\t\t\t\t<\/div>\n\t\t\t\t\t\t<\/div>\n\t\t\t\t\t\t\t\t\t\t\t<div class=\"elementskit-client-slider-item swiper-slide \">\n\t\t\t\t\t\t\t<div class=\"swiper-slide-inner\">\n\t\t\t\t\t\t\t\t<div class=\"single-client image-switcher\" title=\"Sponsor #1\">\n\t\t\t\t\t\t\t\t\t\n\t\t\t\t\t\t\t\t\t\t<div class=\"content-image\">\n\n\t\t\t\t\t\t\t\t\t\t\t<img decoding=\"async\" width=\"630\" height=\"270\" src=\"https:\/\/mednavhealth.com\/wp-content\/uploads\/2023\/02\/partner-5.jpg\" class=\"\" alt=\"img\" loading=\"lazy\" srcset=\"https:\/\/mednavhealth.com\/wp-content\/uploads\/2023\/02\/partner-5.jpg 630w, https:\/\/mednavhealth.com\/wp-content\/uploads\/2023\/02\/partner-5-300x129.jpg 300w\" sizes=\"(max-width: 630px) 100vw, 630px\" title=\"\">\t\t\t\t\t\t\t\t\t\t<\/div>\n\n\t\t\t\t\t\t\t\t\t\n\t\t\t\t\t\t\t\t<\/div>\n\t\t\t\t\t\t\t<\/div>\n\t\t\t\t\t\t<\/div>\n\t\t\t\t\t\t\t\t\t\t\t<div class=\"elementskit-client-slider-item swiper-slide \">\n\t\t\t\t\t\t\t<div class=\"swiper-slide-inner\">\n\t\t\t\t\t\t\t\t<div class=\"single-client image-switcher\" title=\"Sponsor #1\">\n\t\t\t\t\t\t\t\t\t\n\t\t\t\t\t\t\t\t\t\t<div class=\"content-image\">\n\n\t\t\t\t\t\t\t\t\t\t\t<img decoding=\"async\" width=\"630\" height=\"270\" src=\"https:\/\/mednavhealth.com\/wp-content\/uploads\/2023\/02\/partner-6.jpg\" class=\"\" alt=\"img\" loading=\"lazy\" srcset=\"https:\/\/mednavhealth.com\/wp-content\/uploads\/2023\/02\/partner-6.jpg 630w, https:\/\/mednavhealth.com\/wp-content\/uploads\/2023\/02\/partner-6-300x129.jpg 300w\" sizes=\"(max-width: 630px) 100vw, 630px\" title=\"\">\t\t\t\t\t\t\t\t\t\t<\/div>\n\n\t\t\t\t\t\t\t\t\t\n\t\t\t\t\t\t\t\t<\/div>\n\t\t\t\t\t\t\t<\/div>\n\t\t\t\t\t\t<\/div>\n\t\t\t\t\t\t\t\t\t\t\t<div class=\"elementskit-client-slider-item swiper-slide \">\n\t\t\t\t\t\t\t<div class=\"swiper-slide-inner\">\n\t\t\t\t\t\t\t\t<div class=\"single-client image-switcher\" title=\"Sponsor #1\">\n\t\t\t\t\t\t\t\t\t\n\t\t\t\t\t\t\t\t\t\t<div class=\"content-image\">\n\n\t\t\t\t\t\t\t\t\t\t\t<img decoding=\"async\" width=\"630\" height=\"270\" src=\"https:\/\/mednavhealth.com\/wp-content\/uploads\/2023\/02\/partner-7.jpg\" class=\"\" alt=\"img\" loading=\"lazy\" srcset=\"https:\/\/mednavhealth.com\/wp-content\/uploads\/2023\/02\/partner-7.jpg 630w, https:\/\/mednavhealth.com\/wp-content\/uploads\/2023\/02\/partner-7-300x129.jpg 300w\" sizes=\"(max-width: 630px) 100vw, 630px\" title=\"\">\t\t\t\t\t\t\t\t\t\t<\/div>\n\n\t\t\t\t\t\t\t\t\t\n\t\t\t\t\t\t\t\t<\/div>\n\t\t\t\t\t\t\t<\/div>\n\t\t\t\t\t\t<\/div>\n\t\t\t\t\t\t\t\t\t<\/div>\n\n\t\t\t\t\t\t\t\t\t<div class=\"swiper-pagination\"><\/div>\n\t\t\t\t\n\t\t\t\t\t\t\t<\/div><!-- .elementskit-clients-slider END -->\n\t\t<\/div>\n\t\t<\/div>\t\t<\/div>\n\t\t\t\t<\/div>\n\t\t\t\t\t<\/div>\n\t\t<\/div>\n\t\t\t\t\t\t\t<\/div>\n\t\t<\/section>\n\t\t\t\t<section class=\"elementor-section elementor-top-section elementor-element elementor-element-76bff98 xs_overflow elementor-section-boxed elementor-section-height-default elementor-section-height-default\" data-id=\"76bff98\" data-element_type=\"section\">\n\t\t\t\t\t\t<div class=\"elementor-container elementor-column-gap-default\">\n\t\t\t\t\t<div class=\"elementor-column elementor-col-100 elementor-top-column elementor-element elementor-element-869b195\" data-id=\"869b195\" data-element_type=\"column\">\n\t\t\t<div class=\"elementor-widget-wrap elementor-element-populated\">\n\t\t\t\t\t\t\t\t<div class=\"elementor-element elementor-element-e9b0923 elementor-invisible elementor-widget elementor-widget-elementskit-heading\" data-id=\"e9b0923\" data-element_type=\"widget\" data-settings=\"{&quot;_animation&quot;:&quot;fadeInUp&quot;,&quot;_animation_delay&quot;:0}\" data-widget_type=\"elementskit-heading.default\">\n\t\t\t\t<div class=\"elementor-widget-container\">\n\t\t\t<div class=\"ekit-wid-con\" ><div class=\"ekit-heading elementskit-section-title-wraper text_center   ekit_heading_tablet-   ekit_heading_mobile-\"><h3 class=\"elementskit-section-subtitle  \">\n\t\t\t\t\t\tEinige der vertrauensw\u00fcrdigen Bewertungen\n\t\t\t\t\t<\/h3><h2 class=\"ekit-heading--title elementskit-section-title \">Was haben sie gesagt?<\/h2><\/div><\/div>\t\t<\/div>\n\t\t\t\t<\/div>\n\t\t\t\t<div class=\"elementor-element elementor-element-e67ecf1 medizco_testimonials mx-auto mw-100 elementor-widget__width-initial elementor-hidden-desktop elementor-hidden-tablet elementor-hidden-mobile elementor-invisible elementor-widget elementor-widget-elementskit-testimonial\" data-id=\"e67ecf1\" data-element_type=\"widget\" data-settings=\"{&quot;_animation&quot;:&quot;fadeInUp&quot;,&quot;_animation_delay&quot;:300}\" data-widget_type=\"elementskit-testimonial.default\">\n\t\t\t\t<div class=\"elementor-widget-container\">\n\t\t\t<div class=\"ekit-wid-con\" ><div class=\"elementskit-testimonial-slider arrow_inside elementskit-default-testimonial \" data-config=\"{&quot;rtl&quot;:false,&quot;arrows&quot;:true,&quot;dots&quot;:false,&quot;pauseOnHover&quot;:false,&quot;autoplay&quot;:false,&quot;speed&quot;:1000,&quot;slidesPerGroup&quot;:1,&quot;slidesPerView&quot;:1,&quot;loop&quot;:true,&quot;spaceBetween&quot;:0,&quot;breakpoints&quot;:{&quot;320&quot;:{&quot;slidesPerView&quot;:1,&quot;slidesPerGroup&quot;:1,&quot;spaceBetween&quot;:10},&quot;768&quot;:{&quot;slidesPerView&quot;:2,&quot;slidesPerGroup&quot;:1,&quot;spaceBetween&quot;:10},&quot;1024&quot;:{&quot;slidesPerView&quot;:1,&quot;slidesPerGroup&quot;:1,&quot;spaceBetween&quot;:15}}}\">\n\t<div class=\"ekit-main-swiper swiper-container\">\n\t\t<div class=\"swiper-wrapper\">\n\t\t\t\t\t\t\t<div class=\"swiper-slide\">\n\t\t\t\t\t<div class=\"swiper-slide-inner\">\n\t\t\t\t\t\t<div class=\"elemntskit-testimonial-item\" >\n\t\t\t\t\t\t\t<div class=\"elementskit-single-testimonial-slider \">\n\t\t\t\t\t\t\t\t<div class=\"row\">\n\t\t\t\t\t\t\t\t\t<div class=\"col-lg-6 elementkit-testimonial-col\">\n\t\t\t\t\t\t\t\t\t\t<div class=\"elementskit-commentor-content\">\n\t\t\t\t\t\t\t\t\t\t\t\t\t\t\t\t\t\t\t\t\t\t\t<div class=\"elementskit-client_logo\">\n\t\t\t\t\t\t\t\t\t\t\t\t\t<img decoding=\"async\" width=\"38\" height=\"38\" src=\"https:\/\/mednavhealth.com\/wp-content\/uploads\/2019\/08\/quote-icon.png\" class=\"attachment-full size-full\" alt=\"img\" loading=\"lazy\" title=\"\">\t\t\t\t\t\t\t\t\t\t\t\t<\/div>\n\t\t\t\t\t\t\t\t\t\t\t\t\t\t\t\t\t\t\t\t\t\t\t\t\t\t\t\t\t\t\t\t\t\t<p>Oxmox riet ihr, dies nicht zu tun, denn es gab Tausende von schlechten Kommas, wilde Fragezeichen und hinterh\u00e4ltige.<\/p>\n\t\t\t\t\t\t\t\t\t\t\t\t\t\t\t\t\t\t\t\t\t\t\t\t\t\t\t\t\t\t\t\t\t\t<span class=\"elementskit-border-hr\"><\/span>\n\t\t\t\t\t\t\t\t\t\t\t\t\t\t\t\t\t\t\t\t\t\t<span class=\"elementskit-profile-info\">\n\t\t\t\t\t\t\t\t\t\t\t\t<strong class=\"elementskit-author-name\">Kolis Muller<\/strong>\n\t\t\t\t\t\t\t\t\t\t\t\t<span class=\"elementskit-author-des\">NY Citizen<\/span>\n\t\t\t\t\t\t\t\t\t\t\t<\/span>\n\t\t\t\t\t\t\t\t\t\t<\/div>\n\t\t\t\t\t\t\t\t\t<\/div>\n\t\t\t\t\t\t\t\t\t<div class=\"col-lg-6 elementkit-testimonial-col\">\n\t\t\t\t\t\t\t\t\t\t<div class=\"elementskit-profile-image-card\">\n\t\t\t\t\t\t\t\t\t\t\t<img decoding=\"async\" width=\"434\" height=\"381\" src=\"https:\/\/mednavhealth.com\/wp-content\/uploads\/2019\/08\/testimonial-01.png\" class=\"attachment-full size-full\" alt=\"img\" loading=\"lazy\" srcset=\"https:\/\/mednavhealth.com\/wp-content\/uploads\/2019\/08\/testimonial-01.png 434w, https:\/\/mednavhealth.com\/wp-content\/uploads\/2019\/08\/testimonial-01-300x263.png 300w\" sizes=\"(max-width: 434px) 100vw, 434px\" title=\"\">\t\t\t\t\t\t\t\t\t\t\t\t\t\t\t\t\t\t\t\t\t<\/div>\n\t\t\t\t\t\t\t\t\t<\/div>\n\t\t\t\t\t\t\t\t<\/div>\n\t\t\t\t\t\t\t<\/div>\n\t\t\t\t\t\t<\/div>\n\t\t\t\t\t<\/div>\n\t\t\t\t<\/div>\n\t\t\t\t\t\t\t<div class=\"swiper-slide\">\n\t\t\t\t\t<div class=\"swiper-slide-inner\">\n\t\t\t\t\t\t<div class=\"elemntskit-testimonial-item\" >\n\t\t\t\t\t\t\t<div class=\"elementskit-single-testimonial-slider \">\n\t\t\t\t\t\t\t\t<div class=\"row\">\n\t\t\t\t\t\t\t\t\t<div class=\"col-lg-6 elementkit-testimonial-col\">\n\t\t\t\t\t\t\t\t\t\t<div class=\"elementskit-commentor-content\">\n\t\t\t\t\t\t\t\t\t\t\t\t\t\t\t\t\t\t\t\t\t\t\t<div class=\"elementskit-client_logo\">\n\t\t\t\t\t\t\t\t\t\t\t\t\t<img decoding=\"async\" width=\"38\" height=\"38\" src=\"https:\/\/mednavhealth.com\/wp-content\/uploads\/2019\/08\/quote-icon.png\" class=\"attachment-full size-full\" alt=\"img\" loading=\"lazy\" title=\"\">\t\t\t\t\t\t\t\t\t\t\t\t<\/div>\n\t\t\t\t\t\t\t\t\t\t\t\t\t\t\t\t\t\t\t\t\t\t\t\t\t\t\t\t\t\t\t\t\t\t<p>Oxmox riet ihr, dies nicht zu tun, denn es gab Tausende von schlechten Kommas, wilde Fragezeichen und hinterh\u00e4ltige.<\/p>\n\t\t\t\t\t\t\t\t\t\t\t\t\t\t\t\t\t\t\t\t\t\t\t\t\t\t\t\t\t\t\t\t\t\t<span class=\"elementskit-border-hr\"><\/span>\n\t\t\t\t\t\t\t\t\t\t\t\t\t\t\t\t\t\t\t\t\t\t<span class=\"elementskit-profile-info\">\n\t\t\t\t\t\t\t\t\t\t\t\t<strong class=\"elementskit-author-name\">Kolis Muller<\/strong>\n\t\t\t\t\t\t\t\t\t\t\t\t<span class=\"elementskit-author-des\">NY Citizen<\/span>\n\t\t\t\t\t\t\t\t\t\t\t<\/span>\n\t\t\t\t\t\t\t\t\t\t<\/div>\n\t\t\t\t\t\t\t\t\t<\/div>\n\t\t\t\t\t\t\t\t\t<div class=\"col-lg-6 elementkit-testimonial-col\">\n\t\t\t\t\t\t\t\t\t\t<div class=\"elementskit-profile-image-card\">\n\t\t\t\t\t\t\t\t\t\t\t<img decoding=\"async\" width=\"364\" height=\"389\" src=\"https:\/\/mednavhealth.com\/wp-content\/uploads\/2019\/08\/testimonial-02.png\" class=\"attachment-full size-full\" alt=\"img\" loading=\"lazy\" srcset=\"https:\/\/mednavhealth.com\/wp-content\/uploads\/2019\/08\/testimonial-02.png 364w, https:\/\/mednavhealth.com\/wp-content\/uploads\/2019\/08\/testimonial-02-281x300.png 281w\" sizes=\"(max-width: 364px) 100vw, 364px\" title=\"\">\t\t\t\t\t\t\t\t\t\t\t\t\t\t\t\t\t\t\t\t\t<\/div>\n\t\t\t\t\t\t\t\t\t<\/div>\n\t\t\t\t\t\t\t\t<\/div>\n\t\t\t\t\t\t\t<\/div>\n\t\t\t\t\t\t<\/div>\n\t\t\t\t\t<\/div>\n\t\t\t\t<\/div>\n\t\t\t\t\t\t\t<div class=\"swiper-slide\">\n\t\t\t\t\t<div class=\"swiper-slide-inner\">\n\t\t\t\t\t\t<div class=\"elemntskit-testimonial-item\" >\n\t\t\t\t\t\t\t<div class=\"elementskit-single-testimonial-slider \">\n\t\t\t\t\t\t\t\t<div class=\"row\">\n\t\t\t\t\t\t\t\t\t<div class=\"col-lg-6 elementkit-testimonial-col\">\n\t\t\t\t\t\t\t\t\t\t<div class=\"elementskit-commentor-content\">\n\t\t\t\t\t\t\t\t\t\t\t\t\t\t\t\t\t\t\t\t\t\t\t<div class=\"elementskit-client_logo\">\n\t\t\t\t\t\t\t\t\t\t\t\t\t<img decoding=\"async\" width=\"38\" height=\"38\" src=\"https:\/\/mednavhealth.com\/wp-content\/uploads\/2019\/08\/quote-icon.png\" class=\"attachment-full size-full\" alt=\"img\" loading=\"lazy\" title=\"\">\t\t\t\t\t\t\t\t\t\t\t\t<\/div>\n\t\t\t\t\t\t\t\t\t\t\t\t\t\t\t\t\t\t\t\t\t\t\t\t\t\t\t\t\t\t\t\t\t\t<p>Oxmox riet ihr, dies nicht zu tun, denn es gab Tausende von schlechten Kommas, wilde Fragezeichen und hinterh\u00e4ltige.<\/p>\n\t\t\t\t\t\t\t\t\t\t\t\t\t\t\t\t\t\t\t\t\t\t\t\t\t\t\t\t\t\t\t\t\t\t<span class=\"elementskit-border-hr\"><\/span>\n\t\t\t\t\t\t\t\t\t\t\t\t\t\t\t\t\t\t\t\t\t\t<span class=\"elementskit-profile-info\">\n\t\t\t\t\t\t\t\t\t\t\t\t<strong class=\"elementskit-author-name\">Kolis Muller<\/strong>\n\t\t\t\t\t\t\t\t\t\t\t\t<span class=\"elementskit-author-des\">NY Citizen<\/span>\n\t\t\t\t\t\t\t\t\t\t\t<\/span>\n\t\t\t\t\t\t\t\t\t\t<\/div>\n\t\t\t\t\t\t\t\t\t<\/div>\n\t\t\t\t\t\t\t\t\t<div class=\"col-lg-6 elementkit-testimonial-col\">\n\t\t\t\t\t\t\t\t\t\t<div class=\"elementskit-profile-image-card\">\n\t\t\t\t\t\t\t\t\t\t\t<img decoding=\"async\" width=\"476\" height=\"313\" src=\"https:\/\/mednavhealth.com\/wp-content\/uploads\/2019\/08\/testimonial-03.png\" class=\"attachment-full size-full\" alt=\"img\" loading=\"lazy\" srcset=\"https:\/\/mednavhealth.com\/wp-content\/uploads\/2019\/08\/testimonial-03.png 476w, https:\/\/mednavhealth.com\/wp-content\/uploads\/2019\/08\/testimonial-03-300x197.png 300w\" sizes=\"(max-width: 476px) 100vw, 476px\" title=\"\">\t\t\t\t\t\t\t\t\t\t\t\t\t\t\t\t\t\t\t\t\t<\/div>\n\t\t\t\t\t\t\t\t\t<\/div>\n\t\t\t\t\t\t\t\t<\/div>\n\t\t\t\t\t\t\t<\/div>\n\t\t\t\t\t\t<\/div>\n\t\t\t\t\t<\/div>\n\t\t\t\t<\/div>\n\t\t\t\t\t<\/div>\n\n\t\t\n\t\t\t\t\t<div class=\"swiper-navigation-button swiper-button-prev\"><i class=\"fasicon icon-arrow-left\"><\/i><\/div>\n\t\t\t<div class=\"swiper-navigation-button swiper-button-next\"><i class=\"fasicon icon-arrow-right\"><\/i><\/div>\n\t\t\t<\/div>\n<\/div>\n<\/div>\t\t<\/div>\n\t\t\t\t<\/div>\n\t\t\t\t\t<\/div>\n\t\t<\/div>\n\t\t\t\t\t\t\t<\/div>\n\t\t<\/section>\n\t\t\t\t\t\t\t<\/div>\n\t\t","protected":false},"excerpt":{"rendered":"<p>Unsere Priorit\u00e4t ist Ihr Gl\u00fcck! Wir sind hier, um Ihnen die hochwertige Gesundheitsversorgung mit mehr als 15 Jahren Erfahrung zu bieten. Mednav Health ist eine kostenlose, vertrauliche, unabh\u00e4ngige Ressource f\u00fcr Patienten und Branchenanbieter. Unsere Mission ist es, ein zentrales Portal zu schaffen, in dem Patienten, Krankenh\u00e4user, Kliniken, Arbeitgeber und Versicherungen und Informationen zusammenkommen &#8211; einfach, [&hellip;]<\/p>\n","protected":false},"author":1,"featured_media":0,"parent":0,"menu_order":0,"comment_status":"closed","ping_status":"closed","template":"template\/template-page.php","meta":{"om_disable_all_campaigns":false,"_monsterinsights_skip_tracking":false,"_monsterinsights_sitenote_active":false,"_monsterinsights_sitenote_note":"","_monsterinsights_sitenote_category":0,"_joinchat":[]},"_links":{"self":[{"href":"https:\/\/mednavhealth.com\/de\/wp-json\/wp\/v2\/pages\/10102"}],"collection":[{"href":"https:\/\/mednavhealth.com\/de\/wp-json\/wp\/v2\/pages"}],"about":[{"href":"https:\/\/mednavhealth.com\/de\/wp-json\/wp\/v2\/types\/page"}],"author":[{"embeddable":true,"href":"https:\/\/mednavhealth.com\/de\/wp-json\/wp\/v2\/users\/1"}],"replies":[{"embeddable":true,"href":"https:\/\/mednavhealth.com\/de\/wp-json\/wp\/v2\/comments?post=10102"}],"version-history":[{"count":8,"href":"https:\/\/mednavhealth.com\/de\/wp-json\/wp\/v2\/pages\/10102\/revisions"}],"predecessor-version":[{"id":11171,"href":"https:\/\/mednavhealth.com\/de\/wp-json\/wp\/v2\/pages\/10102\/revisions\/11171"}],"wp:attachment":[{"href":"https:\/\/mednavhealth.com\/de\/wp-json\/wp\/v2\/media?parent=10102"}],"curies":[{"name":"wp","href":"https:\/\/api.w.org\/{rel}","templated":true}]}}